{"id":65,"date":"2023-03-13T14:29:20","date_gmt":"2023-03-13T13:29:20","guid":{"rendered":"https:\/\/ewr.nu\/wordpress\/?page_id=65"},"modified":"2023-04-14T13:21:22","modified_gmt":"2023-04-14T12:21:22","slug":"anlaggningen","status":"publish","type":"page","link":"https:\/\/ewr.nu\/?page_id=65","title":{"rendered":"Anl\u00e4ggningen"},"content":{"rendered":"\n<p>Eastern Western Riders&nbsp;Riding Center&nbsp;<\/p>\n\n\n\n<figure class=\"wp-block-image size-full\"><img decoding=\"async\" loading=\"lazy\" width=\"570\" height=\"553\" src=\"https:\/\/ewr.nu\/wp-content\/uploads\/2023\/03\/image.png\" alt=\"\" class=\"wp-image-211\" srcset=\"https:\/\/ewr.nu\/wp-content\/uploads\/2023\/03\/image.png 570w, https:\/\/ewr.nu\/wp-content\/uploads\/2023\/03\/image-300x291.png 300w\" sizes=\"(max-width: 570px) 100vw, 570px\" \/><\/figure>\n\n\n\n<p>V\u00e5r egna anl\u00e4ggning som finns i Johannishus, Blekinge. Denna anl\u00e4ggning har alla som&nbsp;betalat in medlemsavgift f\u00f6r \u00e5ret&nbsp;m\u00f6jlighet att bruka; samt \u00e4ven&nbsp;boka&nbsp;f\u00f6r att f\u00f6rs\u00e4kra sig om att banan \u00e4r ledig.&nbsp;<\/p>\n\n\n\n<p>P\u00e5 plats finns en stor ridbana samt en framridningsbana, ett speakerb\u00e5s, en mindre cafeteria\/kiosk &amp; simplare toalett. (\u00c4ven bommar, grind, bro etc).&nbsp;P\u00e5 anl\u00e4ggningen finns \u00e4ven 10 &#8221;boxplatser&#8221; (staketboxar) om man vill st\u00e4lla upp sin h\u00e4st \u00f6ver t\u00e4vlingsdag\/nyttjande av banan.&nbsp;<\/p>\n\n\n\n<p>Anl\u00e4ggningen ska h\u00e5llas ren och snygg f\u00f6r samtliga medlemmar att anv\u00e4nda. Material ska plockas undan efter att man anv\u00e4nt det &amp; man mockar efter sin h\u00e4st.&nbsp;<\/p>\n\n\n\n<p>PRIS F\u00d6R BOKNING:&nbsp; \/\/ 50:-\/timme &nbsp;&nbsp; \/\/Halvdag 150:- &nbsp; \/\/Heldag 300:- MER INFO l\u00e4s vidare l\u00e4ngre ner p\u00e5 denna sidan!<\/p>\n\n\n\n<p><a href=\"https:\/\/www.hitta.se\/kartan!~56.25247,15.40092,17.96458489578008z\/tr!i=MjKL0OQu\/search!st=prv!q=M\u00d6LLERYDSV\u00c4GEN%2020%20372%2095%20Johannishus%2040%20m%20N20%2C%20372%2095%20Johannishus!b=53.95609:-9.49219,69.73333:25.00488!t=weblist\/tileLayer!l=1\/geocode!l=56.25243:15.40020?&amp;search=M%C3%96LLERYDSV%C3%84GEN%2020%20372%2095%20Johannishus%2040%20m%20N20%2C%20372%2095%20Johannishus&amp;sst=prv&amp;st=weblist\"><\/a><\/p>\n\n\n\n<p><a href=\"https:\/\/www.hitta.se\/kartan!~56.25247,15.40092,17.96458489578008z\/tr!i=MjKL0OQu\/search!st=prv!q=M\u00d6LLERYDSV\u00c4GEN%2020%20372%2095%20Johannishus%2040%20m%20N20%2C%20372%2095%20Johannishus!b=53.95609:-9.49219,69.73333:25.00488!t=weblist\/tileLayer!l=1\/geocode!l=56.25243:15.40020?&amp;search=M%C3%96LLERYDSV%C3%84GEN%2020%20372%2095%20Johannishus%2040%20m%20N20%2C%20372%2095%20Johannishus&amp;sst=prv&amp;st=weblist\">Hitta Hit<\/a><a href=\"https:\/\/www.hitta.se\/kartan!~56.25247,15.40092,17.96458489578008z\/tr!i=MjKL0OQu\/search!st=prv!q=M\u00d6LLERYDSV\u00c4GEN%2020%20372%2095%20Johannishus%2040%20m%20N20%2C%20372%2095%20Johannishus!b=53.95609:-9.49219,69.73333:25.00488!t=weblist\/tileLayer!l=1\/geocode!l=56.25243:15.40020?&amp;search=M%C3%96LLERYDSV%C3%84GEN%2020%20372%2095%20Johannishus%2040%20m%20N20%2C%20372%2095%20Johannishus&amp;sst=prv&amp;st=weblist\"><\/a><\/p>\n\n\n\n<h3 class=\"wp-block-heading\">ADRESS:\u00a0M\u00d6LLERYDSV\u00c4GEN 20,\u00a0372 95 Johannishus\u00a0<\/h3>\n","protected":false},"excerpt":{"rendered":"<p>Eastern Western Riders&nbsp;Riding Center&nbsp; V\u00e5r egna anl\u00e4ggning som finns i Johannishus, Blekinge. Denna anl\u00e4ggning har alla som&nbsp;betalat in medlemsavgift f\u00f6r \u00e5ret&nbsp;m\u00f6jlighet att bruka; samt \u00e4ven&nbsp;boka&nbsp;f\u00f6r att f\u00f6rs\u00e4kra sig om att banan \u00e4r ledig.&nbsp; P\u00e5 plats finns en stor ridbana samt <span class=\"excerpt-dots\">&hellip;<\/span> <a class=\"more-link\" href=\"https:\/\/ewr.nu\/?page_id=65\"><span class=\"more-msg\">L\u00e4s mer &rarr;<\/span><\/a><\/p>\n","protected":false},"author":1,"featured_media":0,"parent":0,"menu_order":0,"comment_status":"closed","ping_status":"closed","template":"","meta":[],"_links":{"self":[{"href":"https:\/\/ewr.nu\/index.php?rest_route=\/wp\/v2\/pages\/65"}],"collection":[{"href":"https:\/\/ewr.nu\/index.php?rest_route=\/wp\/v2\/pages"}],"about":[{"href":"https:\/\/ewr.nu\/index.php?rest_route=\/wp\/v2\/types\/page"}],"author":[{"embeddable":true,"href":"https:\/\/ewr.nu\/index.php?rest_route=\/wp\/v2\/users\/1"}],"replies":[{"embeddable":true,"href":"https:\/\/ewr.nu\/index.php?rest_route=%2Fwp%2Fv2%2Fcomments&post=65"}],"version-history":[{"count":4,"href":"https:\/\/ewr.nu\/index.php?rest_route=\/wp\/v2\/pages\/65\/revisions"}],"predecessor-version":[{"id":262,"href":"https:\/\/ewr.nu\/index.php?rest_route=\/wp\/v2\/pages\/65\/revisions\/262"}],"wp:attachment":[{"href":"https:\/\/ewr.nu\/index.php?rest_route=%2Fwp%2Fv2%2Fmedia&parent=65"}],"curies":[{"name":"wp","href":"https:\/\/api.w.org\/{rel}","templated":true}]}}