{"id":92,"date":"2023-03-13T17:44:46","date_gmt":"2023-03-13T16:44:46","guid":{"rendered":"https:\/\/ewr.nu\/wordpress\/?page_id=92"},"modified":"2026-03-16T14:57:26","modified_gmt":"2026-03-16T13:57:26","slug":"styrelse","status":"publish","type":"page","link":"https:\/\/ewr.nu\/?page_id=92","title":{"rendered":"Styrelse"},"content":{"rendered":"\n<p>Kontakta styrelsen via mail:&nbsp;styrelsen@ewr.nu<\/p>\n\n\n\n<p><strong>Ordf\u00f6rande<\/strong>:\u00a0Hanna Th\u00f6lke<br><strong>Vice ordf\u00f6rande<\/strong>:\u00a0 <br><strong>Sekreterare<\/strong>: <br><strong>Kass\u00f6r<\/strong>: Peter Johansson<\/p>\n\n\n\n<p><strong>Ledam\u00f6ter<\/strong>: \u00a0Therese J\u00f6rgensen, Simona Dulcis och Melissa Besic<\/p>\n\n\n\n<p><strong>Suppleant<\/strong>:\u00a0Linnea Andersson<\/p>\n\n\n\n<p><strong>Valberedning<\/strong>:\u00a0\u00a0Joakim Andersson och Sofia Leijon<\/p>\n\n\n\n<p><strong>Revisorer<\/strong>: Michael S\u00f6derlund<\/p>\n\n\n\n<p><strong>Revisorsuppleant<\/strong>: Peter Leijon<\/p>\n\n\n\n<p><strong>Ungdomsansvarig<\/strong>:&nbsp; Vakant<\/p>\n\n\n\n<p><strong>T\u00e4vlingsansvarig<\/strong>:&nbsp; Helena Bengtsson<\/p>\n\n\n\n<p><strong>FB-Admin<\/strong>: Vakant<\/p>\n\n\n\n<p><strong>Instagram-admin<\/strong>: Vakant<\/p>\n\n\n\n<p><strong>Kioskansvarig<\/strong>:\u00a0 Vakant<\/p>\n\n\n\n<p><strong>Distrikt Syd &#8211; WRAS<\/strong>:&nbsp;regionsyd@wras.se<\/p>\n\n\n\n<figure class=\"wp-block-table\"><table><tbody><tr><td><img decoding=\"async\" src=\"https:\/\/mediaprocessor.websimages.com\/width\/292\/crop\/0,0,292x207\/easternwesternriders.webs.com\/Tom Larsson EWR.jpg\" alt=\"\"><\/td><td>Therese J\u00f6rgensen &nbsp;(ordf\u00f6rande)<br><br>Jag \u00e4r uppf\u00f6dd p\u00e5 bondg\u00e5rd\/h\u00e4stg\u00e5rd och fick min f\u00f6rsta ponny n\u00e4r jag var 4 \u00e5r, efter att min syster v\u00e4xt ur den. Jag blev nog avkastad 100 g\u00e5nger redan f\u00f6rsta \u00e5ret&#8230;?<br>Sedan fick jag \u00e4ran att ta \u00f6ver n\u00e4sta h\u00e4st, samtidigt som jag fick en vacker arab av mina f\u00f6r\u00e4ldrar. En nykastrerad, inriden, pigg sak&#8230;<br>Jag t\u00e4vlade hoppning, dressyr och en del f\u00e4ltt\u00e4vlan.<br>Westernridningen kom jag i kontakt med efter att jag f\u00e5tt en h\u00e4st \u00f6ver mig och skadade mig ganska mycket, fick kontakt med en westerntr\u00e4nare som hj\u00e4lpte mig, och h\u00e4sten blev fantastisk!<br>Detta fick mig att vilja l\u00e4ra mig mer, s\u00e5 fr\u00e5n 1998 b\u00f6rjade jag med western, men rider fortfarande dressyr och hoppning s\u00e5 fort chansen finns ?<br>Min tanke med EWR \u00e4r att det \u00e4r s\u00e5 otroligt roligt med gemenskap och att anordna saker som g\u00f6r att m\u00e4nniskor blir glada och vill l\u00e4ra sig mer. Jag tror att vi med gemensamma krafter kan f\u00e5 en riktigt rolig f\u00f6rening!<\/td><\/tr><tr><td><img decoding=\"async\" src=\"https:\/\/mediaprocessor.websimages.com\/width\/282\/crop\/0,0,282x328\/easternwesternriders.webs.com\/Therese J  EWR.jpg\" alt=\"\"><\/td><td>Alexandra Hagforsen (vice ordf\u00f6rande<\/td><\/tr><tr><td><img decoding=\"async\" loading=\"lazy\" width=\"1024\" height=\"768\" class=\"wp-image-299\" style=\"width: 150px;\" src=\"https:\/\/ewr.nu\/wp-content\/uploads\/2023\/05\/HB-Rocky.jpg\" alt=\"\" srcset=\"https:\/\/ewr.nu\/wp-content\/uploads\/2023\/05\/HB-Rocky.jpg 1024w, https:\/\/ewr.nu\/wp-content\/uploads\/2023\/05\/HB-Rocky-300x225.jpg 300w, https:\/\/ewr.nu\/wp-content\/uploads\/2023\/05\/HB-Rocky-768x576.jpg 768w\" sizes=\"(max-width: 1024px) 100vw, 1024px\" \/><\/td><td>Helena Bengtsson (sekreterare)<br><br>Jag b\u00f6rjade med westernridning efter en middag med mycket champagne d\u00e4r n\u00e5gon sa &#8221;Ni ska inte ta och k\u00f6pa det h\u00e4r f\u00f6let som nyss har f\u00f6tts hemma hos mig?&#8221; Och d\u00e5 k\u00f6pte jag en paint-new forestkorsning som heter Rocky Racoon tillsammans med tv\u00e5 kamrater. 23 \u00e5r senare \u00e4ger jag fortfarande Rocky &#8211; numera helt sj\u00e4lv &#8211; och jag har sl\u00e4pat med mig honom p\u00e5 n\u00e4stan alla st\u00e4llen jag bott &#8211; fr\u00e5n Lule\u00e5 till London och Stockholm. Sedan augusti 2021 bor vi i Johannishus och jag rider mest f\u00f6r skojs skull. <br>Jag brinner f\u00f6r att EWR ska vara en livskraftig f\u00f6rening d\u00e4r alla f\u00e5r rum, b\u00e5de t\u00e4vlingsryttaren och den som nyss b\u00f6rjat rida western. Det jag gillar mest av allt med &#8221;v\u00e5r&#8221; typ av ridning \u00e4r att \u00e5lder och typ av h\u00e4st spelar s\u00e5 lite roll &#8211; vi kan alla ha kul tillsammans.  <\/td><\/tr><tr><td><img decoding=\"async\" src=\"https:\/\/ewr.nu\/wordpress\/wp-content\/uploads\/2023\/03\/image-1.png\" alt=\"\"><\/td><td>Peter Johansson (kass\u00f6r)<br><br>Till skillnad fr\u00e5n de flesta andra i den h\u00e4r gruppen b\u00f6rjade min h\u00e4stkarri\u00e4r alldeles f\u00f6r sent, i vuxen \u00e5lder i samband med att min nyfunna sambo skulle ha en ny h\u00e4st. Samma uppf\u00f6dare hade en ett-\u00e5ring efter samma f\u00f6r\u00e4ldrar och undrade: &#8221;Ska inte du ocks\u00e5 ha en h\u00e4st&#8221;?<br>Utan att fundera alltf\u00f6r mycket p\u00e5 vad det kostar att ha en h\u00e4st eller hur mycket jobb det \u00e4r h\u00f6r jag mig sj\u00e4lv svara &#8221;O.K.&#8221;; inte det smartaste man kan g\u00f6ra om man inte har n\u00e5gon erfarenhet av h\u00e4star sedan tidigare. N\u00e5v\u00e4l, det gick bra \u00e4nd\u00e5. En och annan som l\u00e4ser det h\u00e4r kan nog ha n\u00e5got minne av oss fr\u00e5n N\u00e4ttraby\/Gr\u00f6nadal.<br>Nu \u00e4r jag inne p\u00e5 min andra h\u00e4st och f\u00f6rs\u00f6ker komma underfund med vad Western-ridning g\u00e5r ut p\u00e5. Min ambition i klubben \u00e4r, f\u00f6rutom att sj\u00e4lv komma vidare med ridningen, att hj\u00e4lpa till med spektakel och arrangemang och p\u00e5 s\u00e5 s\u00e4tt att ge tillbaka en del av allt st\u00f6d jag sj\u00e4lv fick i b\u00f6rjan.<\/td><\/tr><tr><td><img decoding=\"async\" src=\"https:\/\/mediaprocessor.websimages.com\/width\/273\/crop\/0,0,273x212\/easternwesternriders.webs.com\/Paulinn Larsson EWR.jpg\" alt=\"\"><\/td><td>Lii Svensson (ledamot)<\/td><\/tr><tr><td><img decoding=\"async\" src=\"https:\/\/mediaprocessor.websimages.com\/width\/283\/crop\/0,61,283x261\/easternwesternriders.webs.com\/sandra kullberg.jpg\" alt=\"\"><\/td><td>Sandra Kullberg (ledamot)<br><br>Sandra heter jag, ny i styrelsen. Bor i skogen i Bj\u00f6rken\u00e4s med sambo, 4 h\u00e4star och 4 katter. Har haft egen h\u00e4st i ca 20 \u00e5r. Tycker om allt luffsa runt i skogen men gillar \u00e4ven ett tr\u00e4ningspass p\u00e5 banan. Tanken \u00e4r att jag ska ta mig ut p\u00e5 t\u00e4vlingsbanan med min stj\u00e4rna, Lova.<br><\/td><\/tr><tr><td><\/td><td>\u00d6rjan Svensson (suppleant)<\/td><\/tr><tr><td><\/td><td>Linnea Andersson (suppleant)<\/td><\/tr><tr><td><\/td><td>Sofia Leijon (valberedningen)<\/td><\/tr><tr><td><img decoding=\"async\" src=\"https:\/\/mediaprocessor.websimages.com\/width\/267\/crop\/0,40,267x199\/easternwesternriders.webs.com\/indra.jpg\" alt=\"\"><\/td><td>Joakim Andersson (valberedningen)<\/td><\/tr><tr><td><\/td><td>Eva Larsson (valberedningen)<\/td><\/tr><\/tbody><\/table><\/figure>\n\n\n\n<p><\/p>\n\n\n\n<p><\/p>\n\n\n\n<p><\/p>\n\n\n\n<p><\/p>\n\n\n\n<p><\/p>\n","protected":false},"excerpt":{"rendered":"<p>Kontakta styrelsen via mail:&nbsp;styrelsen@ewr.nu Ordf\u00f6rande:\u00a0Hanna Th\u00f6lkeVice ordf\u00f6rande:\u00a0 Sekreterare: Kass\u00f6r: Peter Johansson Ledam\u00f6ter: \u00a0Therese J\u00f6rgensen, Simona Dulcis och Melissa Besic Suppleant:\u00a0Linnea Andersson Valberedning:\u00a0\u00a0Joakim Andersson och Sofia Leijon Revisorer: Michael S\u00f6derlund Revisorsuppleant: Peter Leijon Ungdomsansvarig:&nbsp; Vakant T\u00e4vlingsansvarig:&nbsp; Helena Bengtsson FB-Admin: Vakant Instagram-admin: <span class=\"excerpt-dots\">&hellip;<\/span> <a class=\"more-link\" href=\"https:\/\/ewr.nu\/?page_id=92\"><span class=\"more-msg\">L\u00e4s mer &rarr;<\/span><\/a><\/p>\n","protected":false},"author":1,"featured_media":0,"parent":0,"menu_order":0,"comment_status":"closed","ping_status":"closed","template":"","meta":[],"_links":{"self":[{"href":"https:\/\/ewr.nu\/index.php?rest_route=\/wp\/v2\/pages\/92"}],"collection":[{"href":"https:\/\/ewr.nu\/index.php?rest_route=\/wp\/v2\/pages"}],"about":[{"href":"https:\/\/ewr.nu\/index.php?rest_route=\/wp\/v2\/types\/page"}],"author":[{"embeddable":true,"href":"https:\/\/ewr.nu\/index.php?rest_route=\/wp\/v2\/users\/1"}],"replies":[{"embeddable":true,"href":"https:\/\/ewr.nu\/index.php?rest_route=%2Fwp%2Fv2%2Fcomments&post=92"}],"version-history":[{"count":15,"href":"https:\/\/ewr.nu\/index.php?rest_route=\/wp\/v2\/pages\/92\/revisions"}],"predecessor-version":[{"id":382,"href":"https:\/\/ewr.nu\/index.php?rest_route=\/wp\/v2\/pages\/92\/revisions\/382"}],"wp:attachment":[{"href":"https:\/\/ewr.nu\/index.php?rest_route=%2Fwp%2Fv2%2Fmedia&parent=92"}],"curies":[{"name":"wp","href":"https:\/\/api.w.org\/{rel}","templated":true}]}}