{"id":96,"date":"2023-03-13T17:46:57","date_gmt":"2023-03-13T16:46:57","guid":{"rendered":"https:\/\/ewr.nu\/wordpress\/?page_id=96"},"modified":"2023-04-02T05:39:32","modified_gmt":"2023-04-02T04:39:32","slug":"klubben","status":"publish","type":"page","link":"https:\/\/ewr.nu\/?page_id=96","title":{"rendered":"Stadgar"},"content":{"rendered":"\n<p>Stadgar f\u00f6r f\u00f6rening, tillh\u00f6rande Western Riders Association of Sweden, WRAS<\/p>\n\n\n\n<p>1\u00a7 \u00c4ndam\u00e5l<\/p>\n\n\n\n<p>Eastern Western Riders\u00a0har till sitt \u00e4ndam\u00e5l att verka f\u00f6r westernridningens fr\u00e4mjande och utbredning.<\/p>\n\n\n\n<p>2\u00a7 Verksamhetsomr\u00e5de<\/p>\n\n\n\n<p>F\u00f6reningen som har sitt s\u00e4te i&nbsp;Blekinge tillh\u00f6r Distrikt syd<\/p>\n\n\n\n<p>3\u00a7 Stadgar<\/p>\n\n\n\n<p>F\u00f6reningsstadgarna beslutas av F\u00f6rbundsst\u00e4mman. F\u00f6rslag till \u00e4ndring av dessa stadgar skall f\u00f6rel\u00e4ggas Distriktsstyrelsen f\u00f6r eventuellt yttrande till F\u00f6rbundsstyrelsen f\u00f6r behandling.<\/p>\n\n\n\n<p>4\u00a7 Beslutande organ<\/p>\n\n\n\n<p>F\u00f6reningens beslutande organ \u00e4r f\u00f6reningsst\u00e4mma, extra f\u00f6reningsst\u00e4mma och f\u00f6reningsstyrelse. F\u00f6reningsst\u00e4mman \u00e4r f\u00f6reningens h\u00f6gsta beslutande organ.<\/p>\n\n\n\n<p>F\u00f6reningsstyrelsen f\u00e5r tills\u00e4tta s\u00e4rskilda organ f\u00f6r ledning av speciella verksamheter inom f\u00f6reningsstyrelsens arbetsomr\u00e5de.<\/p>\n\n\n\n<p>5\u00a7 Verksamhets- och r\u00e4kenskaps\u00e5r<\/p>\n\n\n\n<p>F\u00f6reningens verksamhets- och r\u00e4kenskaps\u00e5r skall vara kalender\u00e5r.<\/p>\n\n\n\n<p>6\u00a7 Firmateckning<\/p>\n\n\n\n<p>F\u00f6reningens firma tecknas av de styrelseledam\u00f6ter styrelsen best\u00e4mmer, varav tv\u00e5 i f\u00f6rening. Kass\u00f6r m\u00e5 erh\u00e5lla teckningsr\u00e4tt f\u00f6r bank- och plusgiro ensam.<\/p>\n\n\n\n<p>7\u00a7 Skiljeklausul<\/p>\n\n\n\n<p>Talan i tvist d\u00e4r parterna \u00e4r enskild medlem, f\u00f6rening, distrikt eller f\u00f6rbundet f\u00e5r inte v\u00e4ckas vid allm\u00e4n domstol. S\u00e5dan tvist skall, utom i fall d\u00e5 annan s\u00e4rskild ordning \u00e4r f\u00f6reskriven i dessa stadgar eller i distrikts- och f\u00f6rbundsstadgar, avg\u00f6ras enligt lag om skiljem\u00e4n.<\/p>\n\n\n\n<p>8\u00a7 F\u00f6reningsst\u00e4mma<\/p>\n\n\n\n<p>Ordinarie f\u00f6reningsst\u00e4mma h\u00e5lls varje \u00e5r senast fem (5) veckor f\u00f6re Distriktsst\u00e4mman, p\u00e5 dag och plats som F\u00f6reningsstyrelsen best\u00e4mmer.<\/p>\n\n\n\n<p>Kallelse till F\u00f6reningsst\u00e4mma utf\u00e4rdas av F\u00f6reningsstyrelsen och skall senast fyra (4) veckor f\u00f6re st\u00e4mman skriftligen tillst\u00e4llas samtliga medlemmar samt Distriktstyrelsen.<\/p>\n\n\n\n<p>F\u00f6rslag till f\u00f6redragningslista f\u00f6r st\u00e4mman, verksamhets- och f\u00f6rvaltningsber\u00e4ttelse samt F\u00f6reningsstyrelsens f\u00f6rslag (propositioner) och inkomna motioner till F\u00f6reningsst\u00e4mman &#8211; vilka skall vara \u00e5tf\u00f6ljda av F\u00f6reningsstyrelsens yttrande, skall senast tv\u00e5 (2) veckor f\u00f6re F\u00f6reningsst\u00e4mman s\u00e4ndas till r\u00f6stber\u00e4ttigade medlemmar.<\/p>\n\n\n\n<p>9\u00a7 F\u00f6rslag till \u00e4renden att behandla p\u00e5 F\u00f6reningsst\u00e4mman<\/p>\n\n\n\n<p>F\u00f6rslag till \u00e4renden att behandla vid f\u00f6reningsst\u00e4mman, skall vara f\u00f6reningsstyrelsen tillhanda senast fyra (4) veckor f\u00f6re st\u00e4mman. R\u00e4tt att inge f\u00f6rslag tillkommer F\u00f6reningsstyrelsen och f\u00f6reningens medlemmar.<\/p>\n\n\n\n<p>10\u00a7 Sammans\u00e4ttning och beslutsm\u00e4ssighet<\/p>\n\n\n\n<p>F\u00f6reningsst\u00e4mman best\u00e5r av f\u00f6reningens medlemmar. Varje medlem har en r\u00f6st.<\/p>\n\n\n\n<p>F\u00f6reningsst\u00e4mman \u00e4r beslutsm\u00e4ssig med det antal medlemmar, som efter kallelse i vederb\u00f6rlig ordning, deltar i F\u00f6reningsst\u00e4mmans beslut. R\u00f6stber\u00e4ttigad medlem m\u00e5ste ha fyllt 16 \u00e5r.<\/p>\n\n\n\n<p>R\u00f6stning f\u00e5r inte ske genom fullmakt.<\/p>\n\n\n\n<p>11\u00a7 \u00c4renden vid F\u00f6reningsst\u00e4mma<\/p>\n\n\n\n<p>Vid F\u00f6reningsst\u00e4mma skall f\u00f6ljande \u00e4renden f\u00f6rekomma:<\/p>\n\n\n\n<ol>\n<li>Upprop samt fastst\u00e4llande av r\u00f6stl\u00e4ngd f\u00f6r st\u00e4mman p\u00e5 grundval av den utav F\u00f6reningsstyrelsen uppr\u00e4ttade r\u00f6stl\u00e4ngden.<\/li>\n\n\n\n<li>Fastst\u00e4llande av f\u00f6redragningslista f\u00f6r st\u00e4mman.<\/li>\n\n\n\n<li>Beslut om st\u00e4mmans beh\u00f6riga utlysande.<\/li>\n\n\n\n<li>Val av ordf\u00f6rande f\u00f6r st\u00e4mman.<\/li>\n\n\n\n<li>Anm\u00e4lan av styrelsens val av sekreterare f\u00f6r st\u00e4mman.<\/li>\n\n\n\n<li>Val av tv\u00e5 protokolljusterare att j\u00e4mte m\u00f6tesordf\u00f6randen justera st\u00e4mmans protokoll samt tv\u00e5 personer att fungera som r\u00f6str\u00e4knare.<\/li>\n\n\n\n<li>Behandling av verksamhets- och f\u00f6rvaltningsber\u00e4ttelse:<br>a\/ F\u00f6reningsstyrelsens verksamhetsber\u00e4ttelse f\u00f6r f\u00f6reg\u00e5ende verksamhets\u00e5r. b\/ F\u00f6reningsstyrelsens f\u00f6rvaltningsber\u00e4ttelse f\u00f6r f\u00f6reg\u00e5ende verksamhets\u00e5r.<br>c\/ Revisorernas ber\u00e4ttelse f\u00f6r samma tid.<br>d\/ beslut om godk\u00e4nnande av verksamhetsber\u00e4ttelse och f\u00f6rvaltningsber\u00e4ttelse<\/li>\n\n\n\n<li>Beslut om ansvarsfrihet f\u00f6r F\u00f6reningsstyrelsens f\u00f6rvaltning.<\/li>\n\n\n\n<li>Behandling av F\u00f6reningsstyrelsens f\u00f6rslag och av motioner.<\/li>\n\n\n\n<li>Fastst\u00e4llande av medlemmarnas \u00e5rsavgift.<\/li>\n<\/ol>\n\n\n\n<ol>\n<li>Val av F\u00f6reningsordf\u00f6rande f\u00f6r en tid av tv\u00e5 \u00e5r.<\/li>\n\n\n\n<li>Val av F\u00f6reningskass\u00f6r f\u00f6r en tid av tv\u00e5 \u00e5r. Ordf\u00f6rande samt kass\u00f6r v\u00e4ljs p\u00e5 mandattider som skall \u00f6verlappa varandra.<\/li>\n\n\n\n<li>Val av antal styrelseledam\u00f6ter och suppleanter som F\u00f6reningsstyrelsen f\u00f6resl\u00e5r med h\u00e4nsyn till styrelsearbetets uppl\u00e4ggning, enligt 20\u00a7.<\/li>\n\n\n\n<li>Val av distriktsombud baserat p\u00e5 antalet medlemmar.<\/li>\n\n\n\n<li>Val av en revisor och en revisorssuppleant med uppgift att granska verksamhet,r\u00e4kenskaper och f\u00f6rvaltning inom F\u00f6reningen f\u00f6r en mandattid av ett \u00e5r.<\/li>\n\n\n\n<li>Val av Valberedning.<\/li>\n<\/ol>\n\n\n\n<p>Val av styrelsens ledam\u00f6ter sker efter beslut om motioner och \u00f6vriga verksamhetsf\u00f6rslag.<\/p>\n\n\n\n<p>12\u00a7 Valbarhet<\/p>\n\n\n\n<p>Valbar \u00e4r varje i Sverige permanent bosatt person, som \u00e4r medlem i F\u00f6reningen.<br>Ledamot av F\u00f6reningsstyrelsen \u00e4r inte valbar som revisor eller ers\u00e4ttare f\u00f6r revisor.<br>Anst\u00e4llda hos F\u00f6reningen f\u00e5r inte v\u00e4ljas till ledamot av F\u00f6reningsstyrelsen eller Valberedningen.<\/p>\n\n\n\n<p>13\u00a7 Extra F\u00f6reningsst\u00e4mma<\/p>\n\n\n\n<p>F\u00f6reningsstyrelsen kan kalla medlemmarna till extra F\u00f6reningsst\u00e4mma.<\/p>\n\n\n\n<p>F\u00f6reningsstyrelsen \u00e4r skyldig att kalla till extra F\u00f6reningsst\u00e4mma n\u00e4r en revisor eller minst en tiondel av medlemmarna inom F\u00f6reningen beg\u00e4r det. S\u00e5dan framst\u00e4llning skall avfattas skriftligen och inneh\u00e5lla sk\u00e4len f\u00f6r beg\u00e4ran.<\/p>\n\n\n\n<p>N\u00e4r F\u00f6reningsstyrelsen mottagit en beg\u00e4ran om extra F\u00f6reningsst\u00e4mma skall den inom fjorton (14) dagar kalla till s\u00e5dant m\u00f6te att h\u00e5llas inom tv\u00e5 (2) m\u00e5nader fr\u00e5n kallelsen. F\u00f6rslag till f\u00f6redragningslista f\u00f6r extra F\u00f6reningsst\u00e4mma skall tillst\u00e4llas f\u00f6reningens medlemmar och Distriktsstyrelsen senast sju (7) dagar f\u00f6re st\u00e4mman.<\/p>\n\n\n\n<p>Underl\u00e5ter F\u00f6reningsstyrelsen att utf\u00e4rda f\u00f6reskriven kallelse f\u00e5r Distriktsstyrelsen kalla till extra F\u00f6reningsst\u00e4mma.<\/p>\n\n\n\n<p>Vid extra F\u00f6reningsst\u00e4mma f\u00e5r endast behandlas de \u00e4renden f\u00f6r vilka det \u00e4r kallat. Extra F\u00f6reningsst\u00e4mma f\u00e5r inte \u00e4ga rum under tid d\u00e5 Distriktsst\u00e4mma p\u00e5g\u00e5r.<\/p>\n\n\n\n<p>14\u00a7 Beslut och omr\u00f6stning<\/p>\n\n\n\n<p>Beslut fattas med bifallsrop (acklamation) eller om s\u00e5 beg\u00e4rs efter omr\u00f6stning (votering). Vid omr\u00f6stning avg\u00f6rs alla fr\u00e5gor genom enkel majoritet. Enkel majoritet kan vara antingen absolut eller relativ.<\/p>\n\n\n\n<p>Val avg\u00f6rs genom relativ majoritet. Med relativ majoritet menas att den (de) som erh\u00e5llit h\u00f6gsta antalet r\u00f6ster \u00e4r vald (valda) oberoende av hur dessa r\u00f6ster f\u00f6rh\u00e5ller sig till antalet avgivna r\u00f6ster.<\/p>\n\n\n\n<p>Omr\u00f6stning sker \u00f6ppet. Om r\u00f6stber\u00e4ttigad medlem beg\u00e4r det skall dock val ske slutet.<\/p>\n\n\n\n<p>Vid omr\u00f6stning som ej avser val g\u00e4ller vid lika r\u00f6stetal det f\u00f6rslag som bitr\u00e4ds av ordf\u00f6randen vid m\u00f6tet, om han \u00e4r r\u00f6stber\u00e4ttigad. \u00c4r han inte r\u00f6stber\u00e4ttigad avg\u00f6r lotten. Vid val skall i h\u00e4ndelse av lika r\u00f6stetal lotten avg\u00f6ra. Beslut bekr\u00e4ftas med klubbslag.<\/p>\n\n\n\n<p>15\u00a7 Ikrafttr\u00e4dande<\/p>\n\n\n\n<p>Beslut fattade av F\u00f6reningsst\u00e4mman g\u00e4ller fr\u00e5n st\u00e4mmans avslutande om inte annat best\u00e4ms.<\/p>\n\n\n\n<p>16\u00a7 Valberedningens sammans\u00e4ttning m. m.<\/p>\n\n\n\n<p>Valberedningen skall best\u00e5 av tre ledam\u00f6ter, varav en sammankallande, valda av F\u00f6reningsst\u00e4mman. Mandattiden \u00e4r tre \u00e5r och skall f\u00f6rdelas s\u00e5 att en ledamot nyv\u00e4ljs varje \u00e5r.<\/p>\n\n\n\n<p>17\u00a7 Valberedningens \u00e5ligganden<\/p>\n\n\n\n<p>Valberedningen skall senast \u00e5tta (8) veckor f\u00f6re F\u00f6reningsst\u00e4mma tillfr\u00e5ga dem vilkas mandattid g\u00e5r ut vid F\u00f6reningsst\u00e4mman, om de \u00e4r villiga att kandidera f\u00f6r en ny period.<\/p>\n\n\n\n<p>Senast sex (6) veckor f\u00f6re F\u00f6reningsst\u00e4mman skall Valberedningen meddela r\u00f6stber\u00e4ttigade medlemmar vilka som st\u00e5r i tur att avg\u00e5 och namnen p\u00e5 den som har avb\u00f6jt \u00e5terval.<\/p>\n\n\n\n<p>Senast tre (3) veckor f\u00f6re F\u00f6reningsst\u00e4mma skall valberedningen skriftligen delge r\u00f6stber\u00e4ttigade medlemmar sitt f\u00f6rslag betr\u00e4ffande varje val enligt 11\u00a7, punkterna 12-17, samt meddela namnen p\u00e5 de kandidater i \u00f6vrigt som f\u00f6reslagits till valberedningen.<\/p>\n\n\n\n<p>Den som ing\u00e5r i valberedningen f\u00e5r inte obeh\u00f6rigen yppa vad han i denna egenskap f\u00e5tt k\u00e4nnedom om.<\/p>\n\n\n\n<p>Valberedningens beslut skall protokollf\u00f6ras och efter F\u00f6reningsst\u00e4mman skall protokollet \u00f6verl\u00e4mnas till F\u00f6reningsstyrelsen.<\/p>\n\n\n\n<p>18\u00a7 F\u00f6rslagsr\u00e4tt till Valberedningen samt nominering vid F\u00f6reningsst\u00e4mma.<\/p>\n\n\n\n<p>R\u00f6stber\u00e4ttigad medlem f\u00e5r senast fem (5) veckor f\u00f6re F\u00f6reningsst\u00e4mman till valberedningen meddela sitt f\u00f6rslag betr\u00e4ffande val som skall f\u00f6rekomma enligt 11\u00a7, punkterna 12-17.<\/p>\n\n\n\n<p>Kandidater som inte nominerats i r\u00e4tt tid \u00e4r inte valbar. Nominering vid F\u00f6reningsst\u00e4mma kan endast ske om f\u00f6reslagna till visst uppdrag understiger det antal som skall v\u00e4ljas.<\/p>\n\n\n\n<p>19\u00a7 Revisor, revision<\/p>\n\n\n\n<p>F\u00f6reningens revisor skall granska F\u00f6reningsstyrelsens f\u00f6rvaltning och r\u00e4kenskaper.<\/p>\n\n\n\n<p>F\u00f6reningsstyrelsens r\u00e4kenskaper och handlingar \u00f6verl\u00e4mnas till revisor senast fyra (4) veckor f\u00f6re ordinarie F\u00f6reningsst\u00e4mma och skall, efter verkst\u00e4lld revision, med revisorns ber\u00e4ttelse vara F\u00f6reningsstyrelsen tillhanda senast sju (7) dagar f\u00f6re F\u00f6reningsst\u00e4mman. Revisor \u00e4ger r\u00e4tt att delta i F\u00f6reningsstyrelsens sammantr\u00e4den och har d\u00e4rvid yttrande- och f\u00f6rslagsr\u00e4tt, men inte r\u00f6str\u00e4tt. Revisorerna skall erh\u00e5lla kallelse, f\u00f6redragningslista och protokoll avseende F\u00f6reningsstyrelsens sammantr\u00e4den.<\/p>\n\n\n\n<p>Revisor och revisorssuppleant v\u00e4ljes f\u00f6r en mandattid p\u00e5 ett (1) \u00e5r.<\/p>\n\n\n\n<p>20\u00a7 F\u00f6reningsstyrelsens sammans\u00e4ttning<\/p>\n\n\n\n<p>F\u00f6reningsstyrelsen skall best\u00e5 av ordf\u00f6rande, kass\u00f6r j\u00e4mte tre (3) till fem (5) \u00f6vriga ledam\u00f6ter f\u00f6r en mandattid p\u00e5 tv\u00e5 (2) \u00e5r och en (1) till tv\u00e5 (2) suppleanter f\u00f6r en mandattid av ett (1) \u00e5r, valda av F\u00f6reningsst\u00e4mman.<\/p>\n\n\n\n<p>Halva antalet ledam\u00f6ter skall v\u00e4ljas p\u00e5 varje F\u00f6reningsst\u00e4mma.&nbsp;Beslutade vid F\u00f6rbunds\u00e5rsst\u00e4mma&nbsp;<\/p>\n\n\n\n<p>Styrelsen utser inom sig vice ordf\u00f6rande och sekreterare.<\/p>\n\n\n\n<p>F\u00f6reningsstyrelsen f\u00e5r utse enskild person till adjungerad ledamot i styrelsen. S\u00e5dan ledamot har yttrande- och f\u00f6rslagsr\u00e4tt men inte r\u00f6str\u00e4tt, samt f\u00e5r utses till befattning inom styrelsen.<\/p>\n\n\n\n<p>\u00c4ven om F\u00f6reningsstyrelseledamots mandattid ej g\u00e5tt till \u00e4nda kan denne genom beslut i F\u00f6renings- styrelsen, vilket skall godk\u00e4nnas av \u00e5rsm\u00f6tet eller extra \u00e5rsm\u00f6te, kunna skiljas fr\u00e5n uppdraget om han uppenbart \u00e5sidosatt sina \u00e5ligganden eller eljest f\u00f6rverkat det f\u00f6rtroendeuppdraget f\u00f6ruts\u00e4tter. Ett s\u00e5dant styrelsebeslut fordrar 2\/3 dels majoritet.<\/p>\n\n\n\n<p>21\u00a7 F\u00f6reningsstyrelsens \u00e5ligganden<\/p>\n\n\n\n<p>F\u00f6reningsstyrelsen \u00e4r F\u00f6reningens beslutande organ n\u00e4r F\u00f6reningsst\u00e4mman inte \u00e4r samlad. F\u00f6reningsstyrelsen \u00e5ligger bl. a. att:<\/p>\n\n\n\n<ol>\n<li>bedriva sin verksamhet enligt dessa stadgar och F\u00f6reningsst\u00e4mmans beslut, samt i \u00f6vrigt f\u00f6lja Distriktsstyrelsens direktiv.<\/li>\n\n\n\n<li>verka f\u00f6r westernridningens utveckling och utbredning bl. a. genom att marknadsf\u00f6ra westernridningen hos myndigheter, massmedia och allm\u00e4nheten.<\/li>\n\n\n\n<li>att arrangera westernt\u00e4vlingar p\u00e5 olika niv\u00e5er.<\/li>\n\n\n\n<li>avge efterfr\u00e5gade rapporter och yttranden till Distrikts- och F\u00f6rbundsstyrelsen.<\/li>\n\n\n\n<li>handha och ansvara f\u00f6r F\u00f6reningens medel samt redovisningen d\u00e4rav.<\/li>\n\n\n\n<li>uppr\u00e4tta verksamhets- och f\u00f6rvaltningsber\u00e4ttelser, verksamhetsplan med budget \u00e4vensom i \u00f6vrigt utarbeta och bereda f\u00f6rslag, planer m.m., och att tillse att av F\u00f6reningsst\u00e4mman fattade beslut verkst\u00e4lls.<\/li>\n\n\n\n<li>best\u00e4mma om organisationen av tj\u00e4nster vid F\u00f6reningens kansli samt i f\u00f6rekommande fall anst\u00e4lla personal, i samr\u00e5d med Distriktsstyrelsen.<\/li>\n\n\n\n<li>F\u00f6ra protokoll och s\u00f6rja f\u00f6r F\u00f6reningens bokf\u00f6ring samt sk\u00f6ta l\u00f6pande \u00e4renden i \u00f6vrigt.<\/li>\n<\/ol>\n\n\n\n<p>22\u00a7 Kallelse, beslutsf\u00f6rhet och omr\u00f6stning<\/p>\n\n\n\n<p>F\u00f6reningsstyrelsen sammantr\u00e4der p\u00e5 kallelse av ordf\u00f6randen. Den \u00e4r beslutf\u00f6r n\u00e4r samtliga ledam\u00f6ter kallats och d\u00e5 minst halva styrelsen \u00e4r n\u00e4rvarande. F\u00f6r alla beslut kr\u00e4vs minst h\u00e4lften av F\u00f6reningsstyrelsens samlade ledam\u00f6ter \u00e4r ense om beslutet. Vid lika r\u00f6stetal har ordf\u00f6rande utslagsr\u00f6st. R\u00f6stning f\u00e5r inte ske genom fullmakt. Om ordf\u00f6randen finner det erforderligt, kan br\u00e5dskande \u00e4renden avg\u00f6ras genom skriftlig omr\u00f6stning eller vid telefonsammantr\u00e4de. S\u00e5dant beslut skall anm\u00e4las vid det n\u00e4rmast d\u00e4refter f\u00f6ljande F\u00f6reningsstyrelsesammantr\u00e4det. Protokoll skall f\u00f6ras vid telefonm\u00f6te.<\/p>\n\n\n\n<p>23\u00a7 \u00d6verl\u00e5telse av beslutander\u00e4tt<\/p>\n\n\n\n<p>F\u00f6reningsstyrelsen f\u00e5r \u00f6verl\u00e5ta sin beslutsr\u00e4tt i vissa grupper av \u00e4renden till arbetsutskott eller annat organ, som utses inom F\u00f6reningsstyrelsen, och som har tillsatts f\u00f6r s\u00e4rskild uppgift, eller p\u00e5 enskild f\u00f6reningsstyrelseledamot eller anst\u00e4lld.<\/p>\n\n\n\n<p>Den som fattat beslut med st\u00f6d av bemyndigande enligt f\u00f6reg\u00e5ende stycke skall regelbundet underr\u00e4tta F\u00f6reningsstyrelsen h\u00e4rom.<\/p>\n\n\n\n<p>Beslut fattade av delegerad skall kontinuerligt rapporteras till F\u00f6reningsstyrelsen p\u00e5 l\u00e4mpligt s\u00e4tt. Rapporteringen b\u00f6r ske rutinm\u00e4ssigt och f\u00f6retr\u00e4desvis i samband med F\u00f6reningsstyrelsesammantr\u00e4den.<\/p>\n\n\n\n<p>24\u00a7 Medlemskap<\/p>\n\n\n\n<p>Enskild person upptas som medlem i f\u00f6rening efter ans\u00f6kan.<\/p>\n\n\n\n<p>Ans\u00f6kan beh\u00f6ver inte bifallas, om det kan antas att s\u00f6kanden kommer att motarbeta f\u00f6reningens intressen.<\/p>\n\n\n\n<p>Medlem f\u00e5r inte uteslutas av annan anledning \u00e4n att medlemmen har f\u00f6rsummat att betala stadgade avgifter till f\u00f6reningen, motarbetat dess verksamhet eller \u00e4ndam\u00e5l, brutit mot f\u00f6reningens stadgar eller annars uppenbarligen skadat f\u00f6reningens intressen.<\/p>\n\n\n\n<p>Beslut om v\u00e4grat medlemskap eller om uteslutning skall fattas av F\u00f6reningsstyrelsen, och f\u00e5r av den ber\u00f6rde \u00f6verklagas till F\u00f6reningsst\u00e4mman eller till Distriktsstyrelsen.<\/p>\n\n\n\n<p>Medlem har r\u00e4tt att delta i f\u00f6reningens verksamhet under de former som \u00e4r vedertagna inom sporten, och p\u00e5 samma villkor, som g\u00e4ller f\u00f6r \u00f6vriga medlemmar.<\/p>\n\n\n\n<p>25\u00a7 Uttr\u00e4de, uppl\u00f6sning samt uteslutning av f\u00f6rening<\/p>\n\n\n\n<p>F\u00f6rening som \u00f6nskar uttr\u00e4de ur F\u00f6rbundet skall skriftligen anm\u00e4la detta till Distriktstyrelsen, som tillsammans med yttrande vidarebefordrar anm\u00e4lan till F\u00f6rbundsstyrelsen.<\/p>\n\n\n\n<p>F\u00f6rening, som inte betalat \u00e5rsavgift under tv\u00e5 p\u00e5 varandra f\u00f6ljande \u00e5r, f\u00e5r anses ha beg\u00e4rt sitt uttr\u00e4de ur F\u00f6rbundet. Medlemskapet upph\u00f6r automatiskt per den 1 januari det d\u00e4rp\u00e5 f\u00f6ljande \u00e5ret, genom att f\u00f6reningen avf\u00f6rs fr\u00e5n medlemsf\u00f6rteckningen.<\/p>\n\n\n\n<p>Utan att anm\u00e4lan om uttr\u00e4de f\u00f6religger, f\u00e5r F\u00f6rbundsstyrelsen utesluta f\u00f6rening om den&nbsp;\u2013&nbsp;trots p\u00e5minnelser&nbsp;\u2013&nbsp;underl\u00e5ter att f\u00f6lja vad som f\u00f6reskrivs i dessa stadgar.<\/p>\n\n\n\n<p>F\u00f6rening f\u00e5r ocks\u00e5 uteslutas om den underl\u00e5tit att r\u00e4tta sig efter beslut som i vederb\u00f6rlig ordning fattats av F\u00f6rbundet eller Distriktet, eller annars p\u00e5tagligt har motarbetat F\u00f6rbundets intressen.<\/p>\n\n\n\n<p>Fr\u00e5ga om uteslutning f\u00e5r inte avg\u00f6ras, f\u00f6rr\u00e4n F\u00f6reningen f\u00e5tt tillf\u00e4lle att yttra sig inom viss av F\u00f6rbundsstyrelsen angiven tid. I beslut om uteslutning skall sk\u00e4l f\u00f6r uteslutning redovisas, samt anges vad den uteslutna F\u00f6reningen skall iakttaga f\u00f6r \u00f6verklagande av beslutet.<\/p>\n\n\n\n<p>F\u00f6r beslut om F\u00f6reningens uppl\u00f6sning fordras 2\/3 dels majoritet vid tv\u00e5 p\u00e5 varandra f\u00f6ljande medlems- m\u00f6ten (varav ett skall vara F\u00f6reningsst\u00e4mma) med minst sex (6) m\u00e5naders mellanrum.<\/p>\n\n\n\n<p>Om F\u00f6reningen uppl\u00f6ses skall dess tillg\u00e5ngar tillfalla WRAS.<\/p>\n\n\n\n<p>Beslutade vid F\u00f6rbunds\u00e5rsst\u00e4mma 2011-04-17<\/p>\n","protected":false},"excerpt":{"rendered":"<p>Stadgar f\u00f6r f\u00f6rening, tillh\u00f6rande Western Riders Association of Sweden, WRAS 1\u00a7 \u00c4ndam\u00e5l Eastern Western Riders\u00a0har till sitt \u00e4ndam\u00e5l att verka f\u00f6r westernridningens fr\u00e4mjande och utbredning. 2\u00a7 Verksamhetsomr\u00e5de F\u00f6reningen som har sitt s\u00e4te i&nbsp;Blekinge tillh\u00f6r Distrikt syd 3\u00a7 Stadgar F\u00f6reningsstadgarna beslutas <span class=\"excerpt-dots\">&hellip;<\/span> <a class=\"more-link\" href=\"https:\/\/ewr.nu\/?page_id=96\"><span class=\"more-msg\">L\u00e4s mer &rarr;<\/span><\/a><\/p>\n","protected":false},"author":1,"featured_media":0,"parent":0,"menu_order":0,"comment_status":"closed","ping_status":"closed","template":"","meta":[],"_links":{"self":[{"href":"https:\/\/ewr.nu\/index.php?rest_route=\/wp\/v2\/pages\/96"}],"collection":[{"href":"https:\/\/ewr.nu\/index.php?rest_route=\/wp\/v2\/pages"}],"about":[{"href":"https:\/\/ewr.nu\/index.php?rest_route=\/wp\/v2\/types\/page"}],"author":[{"embeddable":true,"href":"https:\/\/ewr.nu\/index.php?rest_route=\/wp\/v2\/users\/1"}],"replies":[{"embeddable":true,"href":"https:\/\/ewr.nu\/index.php?rest_route=%2Fwp%2Fv2%2Fcomments&post=96"}],"version-history":[{"count":4,"href":"https:\/\/ewr.nu\/index.php?rest_route=\/wp\/v2\/pages\/96\/revisions"}],"predecessor-version":[{"id":245,"href":"https:\/\/ewr.nu\/index.php?rest_route=\/wp\/v2\/pages\/96\/revisions\/245"}],"wp:attachment":[{"href":"https:\/\/ewr.nu\/index.php?rest_route=%2Fwp%2Fv2%2Fmedia&parent=96"}],"curies":[{"name":"wp","href":"https:\/\/api.w.org\/{rel}","templated":true}]}}